{"id":886,"date":"2023-02-20T12:57:06","date_gmt":"2023-02-20T11:57:06","guid":{"rendered":"http:\/\/myjapo.es\/?page_id=886"},"modified":"2023-02-22T10:38:59","modified_gmt":"2023-02-22T09:38:59","slug":"poke","status":"publish","type":"page","link":"http:\/\/myjapo.es\/index.php\/poke\/","title":{"rendered":"Poke"},"content":{"rendered":"<div id=\"pl-886\"  class=\"panel-layout\" ><div id=\"pg-886-0\"  class=\"panel-grid panel-no-style\" ><div id=\"pgc-886-0-0\"  class=\"panel-grid-cell\" ><div id=\"panel-886-0-0-0\" class=\"so-panel widget widget_themegrill_flash_heading tg-widget section-title-wrapper panel-first-child\" data-index=\"0\" >\t<h3 class=\"section-title\">Poke\u00b4s<\/h3>\n\t<div class=\"section-description\">Los poke han llegado desde Hawai para quedarse. Esta revoluci\u00f3n gastron\u00f3mica se basa en una combinaci\u00f3n de prote\u00ednas (pescado crudo marinado, pollo o tofu) con una base de arroz, quinoa o mezcla de vegetales que se termina con unas serie de complementos como puede ser el aguacate, las algas, el pepino, el mango, la pi\u00f1a, semillas\u2026 y por \u00faltimo, el ali\u00f1o con diferentes opciones. Y es que, la clave de esta receta hawaiana es, sin duda, la mezcla de ingredientes que lo convierten en un plato delicioso, sano y con todos los nutrientes necesarios para el organismo.<\/div>\n<\/div><div id=\"panel-886-0-0-1\" class=\"so-panel widget widget_modula_gallery_widget\" data-index=\"1\" ><h3 class=\"widget-title\">Nuestros pokes!!<\/h3><style>#jtg-889 .modula-item .jtg-social a, .lightbox-socials.jtg-social a{ color: #ffffff }#jtg-889 .modula-item .jtg-social svg, .lightbox-socials.jtg-social svg { height: 16px; width: 16px }#jtg-889 .modula-item .jtg-social a:not(:last-child), .lightbox-socials.jtg-social a:not(:last-child) { margin-right: 10px }#jtg-889 .modula-item .figc {color:#ffffff;}#jtg-889 .modula-item .modula-item-content { transform: scale(1) }#jtg-889 .modula-items .figc p.description { font-size:14px; }#jtg-889 .modula-items .figc p.description { color:#ffffff;}#jtg-889.modula-gallery .modula-item > a, #jtg-889.modula-gallery .modula-item, #jtg-889.modula-gallery .modula-item-content > a:not(.modula-no-follow) { cursor:zoom-in; } #jtg-889.modula-gallery .modula-item-content .modula-no-follow { cursor: default; } @media screen and (max-width:480px){#jtg-889 .modula-item .figc .jtg-title {  font-size: 12px; }#jtg-889 .modula-items .figc p.description { color:#ffffff;font-size:10px; }}<\/style>\n<!-- Gallery Container -->\n<div  id=\"jtg-889\" class=\"modula modula-gallery modula-custom-grid\" data-config=\"{&quot;height&quot;:0,&quot;tabletHeight&quot;:0,&quot;mobileHeight&quot;:0,&quot;desktopHeight&quot;:0,&quot;enableTwitter&quot;:false,&quot;enableWhatsapp&quot;:false,&quot;enableFacebook&quot;:false,&quot;enablePinterest&quot;:false,&quot;enableLinkedin&quot;:false,&quot;enableEmail&quot;:false,&quot;randomFactor&quot;:0,&quot;type&quot;:&quot;custom-grid&quot;,&quot;columns&quot;:12,&quot;gutter&quot;:10,&quot;mobileGutter&quot;:10,&quot;tabletGutter&quot;:10,&quot;desktopGutter&quot;:10,&quot;enableResponsive&quot;:&quot;0&quot;,&quot;tabletColumns&quot;:&quot;2&quot;,&quot;mobileColumns&quot;:&quot;1&quot;,&quot;lazyLoad&quot;:&quot;1&quot;,&quot;lightboxOpts&quot;:{&quot;loop&quot;:false,&quot;arrows&quot;:true,&quot;toolbar&quot;:true,&quot;keyboard&quot;:false,&quot;wheel&quot;:false,&quot;buttons&quot;:[&quot;close&quot;],&quot;hash&quot;:false,&quot;lang&quot;:&quot;en&quot;,&quot;touch&quot;:false,&quot;protect&quot;:false,&quot;i18n&quot;:{&quot;en&quot;:{&quot;CLOSE&quot;:&quot;Close&quot;,&quot;NEXT&quot;:&quot;Next&quot;,&quot;PREV&quot;:&quot;Previous&quot;,&quot;Error&quot;:&quot;The requested content cannot be loaded. Please try again later.&quot;,&quot;PLAY_START&quot;:&quot;Start slideshow&quot;,&quot;PLAY_STOP&quot;:&quot;Pause slideshow&quot;,&quot;FULL_SCREEN&quot;:&quot;Full screen&quot;,&quot;THUMBS&quot;:&quot;Thumbnails&quot;,&quot;DOWNLOAD&quot;:&quot;Download&quot;,&quot;SHARE&quot;:&quot;Share&quot;,&quot;ZOOM&quot;:&quot;Zoom&quot;}},&quot;clickSlide&quot;:false,&quot;clickOutside&quot;:false,&quot;dblclickContent&quot;:false,&quot;dblclickSlide&quot;:false,&quot;dblclickOutside&quot;:false,&quot;clickContent&quot;:false,&quot;baseTpl&quot;:&quot;&lt;div class=\\&quot;modula-fancybox-container modula-lightbox-jtg-889\\&quot; role=\\&quot;dialog\\&quot; tabindex=\\&quot;-1\\&quot;&gt;&lt;div class=\\&quot;modula-fancybox-bg\\&quot;&gt;&lt;\\\/div&gt;&lt;div class=\\&quot;modula-fancybox-inner\\&quot;&gt;&lt;div class=\\&quot;modula-fancybox-infobar\\&quot;&gt;&lt;span data-fancybox-index&gt;&lt;\\\/span&gt;&nbsp;\\\/&nbsp;&lt;span data-fancybox-count&gt;&lt;\\\/span&gt;&lt;\\\/div&gt;&lt;div class=\\&quot;modula-fancybox-toolbar\\&quot;&gt;{{buttons}}&lt;\\\/div&gt;&lt;div class=\\&quot;modula-fancybox-navigation\\&quot;&gt;{{arrows}}&lt;\\\/div&gt;&lt;div class=\\&quot;modula-fancybox-stage\\&quot;&gt;&lt;\\\/div&gt;&lt;div class=\\&quot;modula-fancybox-caption\\&quot;&gt;&lt;div class=\\&quot;modula-fancybox-caption__body\\&quot;&gt;&lt;\\\/div&gt;&lt;\\\/div&gt;&lt;\\\/div&gt;&lt;\\\/div&gt;&quot;},&quot;inView&quot;:false,&quot;email_subject&quot;:&quot;Check out this awesome image !!&quot;,&quot;email_message&quot;:&quot;Here is the link to the image : %%image_link%% and this is the link to the gallery : %%gallery_link%%&quot;,&quot;lightbox&quot;:&quot;fancybox&quot;}\">\n\n\t\n\t<!-- Items Container -->\n\t<div  class=\"modula-items\">\n\t\t<div class=\"modula-item effect-pufrobo\" data-width=\"2\" data-height=\"2\" >\n\t<div class=\"modula-item-overlay\"><\/div>\n\n\t<div class=\"modula-item-content\">\n\n\t\t\t\t\n\t\t\t\t\t<a data-image-id=\"825\" href=\"http:\/\/myjapo.es\/wp-content\/uploads\/2023\/02\/redimenIMG_20230207_143644.jpg\" rel=\"jtg-889\" data-caption=\"\" aria-label=\"Open image in lightbox\" class=\"tile-inner modula-item-link\"><\/a>\n\t\t\n\t\t<img class=\"pic wp-image-825 lazyload\"  data-valign=\"middle\" data-halign=\"center\" alt=\"\" data-full=\"http:\/\/myjapo.es\/wp-content\/uploads\/2023\/02\/redimenIMG_20230207_143644.jpg\" title=\"redimenIMG_20230207_143644\" width=\"225\" height=\"300\" data-src=\"http:\/\/myjapo.es\/wp-content\/uploads\/2023\/02\/redimenIMG_20230207_143644-225x300.jpg\" data-caption=\"\" data-source=\"modula\" data-srcset=\"http:\/\/myjapo.es\/wp-content\/uploads\/2023\/02\/redimenIMG_20230207_143644-225x300.jpg 225w, http:\/\/myjapo.es\/wp-content\/uploads\/2023\/02\/redimenIMG_20230207_143644-768x1024.jpg 768w, http:\/\/myjapo.es\/wp-content\/uploads\/2023\/02\/redimenIMG_20230207_143644-1152x1536.jpg 1152w, http:\/\/myjapo.es\/wp-content\/uploads\/2023\/02\/redimenIMG_20230207_143644-600x800.jpg 600w, http:\/\/myjapo.es\/wp-content\/uploads\/2023\/02\/redimenIMG_20230207_143644.jpg 1500w\" data-sizes=\"(max-width: 225px) 100vw, 225px\" srcset=\"http:\/\/myjapo.es\/wp-content\/uploads\/2023\/02\/redimenIMG_20230207_143644-225x300.jpg 225w, http:\/\/myjapo.es\/wp-content\/uploads\/2023\/02\/redimenIMG_20230207_143644-768x1024.jpg 768w, http:\/\/myjapo.es\/wp-content\/uploads\/2023\/02\/redimenIMG_20230207_143644-1152x1536.jpg 1152w, http:\/\/myjapo.es\/wp-content\/uploads\/2023\/02\/redimenIMG_20230207_143644-600x800.jpg 600w, http:\/\/myjapo.es\/wp-content\/uploads\/2023\/02\/redimenIMG_20230207_143644.jpg 1500w\" sizes=\"(max-width: 225px) 100vw, 225px\" \/>\n\t\t<div class=\"figc no-description\">\n\t\t\t<div class=\"figc-inner\">\n\t\t\t\t\t\t\t\t\t\t\t\t\t\t\t<\/div>\n\t\t<\/div>\n\n\t<\/div>\n\n<\/div><div class=\"modula-item effect-pufrobo\" data-width=\"2\" data-height=\"2\" >\n\t<div class=\"modula-item-overlay\"><\/div>\n\n\t<div class=\"modula-item-content\">\n\n\t\t\t\t\n\t\t\t\t\t<a data-image-id=\"824\" href=\"http:\/\/myjapo.es\/wp-content\/uploads\/2023\/02\/redimenIMG_20230207_143631.jpg\" rel=\"jtg-889\" data-caption=\"\" aria-label=\"Open image in lightbox\" class=\"tile-inner modula-item-link\"><\/a>\n\t\t\n\t\t<img class=\"pic wp-image-824 lazyload\"  data-valign=\"middle\" data-halign=\"center\" alt=\"\" data-full=\"http:\/\/myjapo.es\/wp-content\/uploads\/2023\/02\/redimenIMG_20230207_143631.jpg\" title=\"redimenIMG_20230207_143631\" width=\"225\" height=\"300\" data-src=\"http:\/\/myjapo.es\/wp-content\/uploads\/2023\/02\/redimenIMG_20230207_143631-225x300.jpg\" data-caption=\"\" data-source=\"modula\" data-srcset=\"http:\/\/myjapo.es\/wp-content\/uploads\/2023\/02\/redimenIMG_20230207_143631-225x300.jpg 225w, http:\/\/myjapo.es\/wp-content\/uploads\/2023\/02\/redimenIMG_20230207_143631-768x1024.jpg 768w, http:\/\/myjapo.es\/wp-content\/uploads\/2023\/02\/redimenIMG_20230207_143631-1152x1536.jpg 1152w, http:\/\/myjapo.es\/wp-content\/uploads\/2023\/02\/redimenIMG_20230207_143631-600x800.jpg 600w, http:\/\/myjapo.es\/wp-content\/uploads\/2023\/02\/redimenIMG_20230207_143631.jpg 1500w\" data-sizes=\"(max-width: 225px) 100vw, 225px\" srcset=\"http:\/\/myjapo.es\/wp-content\/uploads\/2023\/02\/redimenIMG_20230207_143631-225x300.jpg 225w, http:\/\/myjapo.es\/wp-content\/uploads\/2023\/02\/redimenIMG_20230207_143631-768x1024.jpg 768w, http:\/\/myjapo.es\/wp-content\/uploads\/2023\/02\/redimenIMG_20230207_143631-1152x1536.jpg 1152w, http:\/\/myjapo.es\/wp-content\/uploads\/2023\/02\/redimenIMG_20230207_143631-600x800.jpg 600w, http:\/\/myjapo.es\/wp-content\/uploads\/2023\/02\/redimenIMG_20230207_143631.jpg 1500w\" sizes=\"(max-width: 225px) 100vw, 225px\" \/>\n\t\t<div class=\"figc no-description\">\n\t\t\t<div class=\"figc-inner\">\n\t\t\t\t\t\t\t\t\t\t\t\t\t\t\t<\/div>\n\t\t<\/div>\n\n\t<\/div>\n\n<\/div><div class=\"modula-item effect-pufrobo\" data-width=\"2\" data-height=\"2\" >\n\t<div class=\"modula-item-overlay\"><\/div>\n\n\t<div class=\"modula-item-content\">\n\n\t\t\t\t\n\t\t\t\t\t<a data-image-id=\"823\" href=\"http:\/\/myjapo.es\/wp-content\/uploads\/2023\/02\/redimenIMG_20230207_143616.jpg\" rel=\"jtg-889\" data-caption=\"\" aria-label=\"Open image in lightbox\" class=\"tile-inner modula-item-link\"><\/a>\n\t\t\n\t\t<img class=\"pic wp-image-823 lazyload\"  data-valign=\"middle\" data-halign=\"center\" alt=\"\" data-full=\"http:\/\/myjapo.es\/wp-content\/uploads\/2023\/02\/redimenIMG_20230207_143616.jpg\" title=\"redimenIMG_20230207_143616\" width=\"225\" height=\"300\" data-src=\"http:\/\/myjapo.es\/wp-content\/uploads\/2023\/02\/redimenIMG_20230207_143616-225x300.jpg\" data-caption=\"\" data-source=\"modula\" data-srcset=\"http:\/\/myjapo.es\/wp-content\/uploads\/2023\/02\/redimenIMG_20230207_143616-225x300.jpg 225w, http:\/\/myjapo.es\/wp-content\/uploads\/2023\/02\/redimenIMG_20230207_143616-768x1024.jpg 768w, http:\/\/myjapo.es\/wp-content\/uploads\/2023\/02\/redimenIMG_20230207_143616-1152x1536.jpg 1152w, http:\/\/myjapo.es\/wp-content\/uploads\/2023\/02\/redimenIMG_20230207_143616-600x800.jpg 600w, http:\/\/myjapo.es\/wp-content\/uploads\/2023\/02\/redimenIMG_20230207_143616.jpg 1500w\" data-sizes=\"(max-width: 225px) 100vw, 225px\" srcset=\"http:\/\/myjapo.es\/wp-content\/uploads\/2023\/02\/redimenIMG_20230207_143616-225x300.jpg 225w, http:\/\/myjapo.es\/wp-content\/uploads\/2023\/02\/redimenIMG_20230207_143616-768x1024.jpg 768w, http:\/\/myjapo.es\/wp-content\/uploads\/2023\/02\/redimenIMG_20230207_143616-1152x1536.jpg 1152w, http:\/\/myjapo.es\/wp-content\/uploads\/2023\/02\/redimenIMG_20230207_143616-600x800.jpg 600w, http:\/\/myjapo.es\/wp-content\/uploads\/2023\/02\/redimenIMG_20230207_143616.jpg 1500w\" sizes=\"(max-width: 225px) 100vw, 225px\" \/>\n\t\t<div class=\"figc no-description\">\n\t\t\t<div class=\"figc-inner\">\n\t\t\t\t\t\t\t\t\t\t\t\t\t\t\t<\/div>\n\t\t<\/div>\n\n\t<\/div>\n\n<\/div><div class=\"modula-item effect-pufrobo\" data-width=\"2\" data-height=\"2\" >\n\t<div class=\"modula-item-overlay\"><\/div>\n\n\t<div class=\"modula-item-content\">\n\n\t\t\t\t\n\t\t\t\t\t<a data-image-id=\"770\" href=\"http:\/\/myjapo.es\/wp-content\/uploads\/2023\/02\/icono-poke-200x200-1.png\" rel=\"jtg-889\" data-caption=\"Bowl de poke\" aria-label=\"Open image in lightbox\" class=\"tile-inner modula-item-link\"><\/a>\n\t\t\n\t\t<img class=\"pic wp-image-770 lazyload\"  data-valign=\"middle\" data-halign=\"center\" alt=\"Bowl de poke\" data-full=\"http:\/\/myjapo.es\/wp-content\/uploads\/2023\/02\/icono-poke-200x200-1.png\" title=\"Bowl de poke\" width=\"200\" height=\"200\" data-src=\"http:\/\/myjapo.es\/wp-content\/uploads\/2023\/02\/icono-poke-200x200-1.png\" data-caption=\"Bowl de poke\" data-source=\"modula\" data-srcset=\"http:\/\/myjapo.es\/wp-content\/uploads\/2023\/02\/icono-poke-200x200-1.png 200w, http:\/\/myjapo.es\/wp-content\/uploads\/2023\/02\/icono-poke-200x200-1-150x150.png 150w, http:\/\/myjapo.es\/wp-content\/uploads\/2023\/02\/icono-poke-200x200-1-100x100.png 100w\" data-sizes=\"(max-width: 200px) 100vw, 200px\" srcset=\"http:\/\/myjapo.es\/wp-content\/uploads\/2023\/02\/icono-poke-200x200-1.png 200w, http:\/\/myjapo.es\/wp-content\/uploads\/2023\/02\/icono-poke-200x200-1-150x150.png 150w, http:\/\/myjapo.es\/wp-content\/uploads\/2023\/02\/icono-poke-200x200-1-100x100.png 100w\" sizes=\"(max-width: 200px) 100vw, 200px\" \/>\n\t\t<div class=\"figc\">\n\t\t\t<div class=\"figc-inner\">\n\t\t\t\t\t\t\t\t\t\t\t\t\t<p class=\"description\">Bowl de poke<\/p>\n\t\t\t\t\t\t\t\t\t\t\t<\/div>\n\t\t<\/div>\n\n\t<\/div>\n\n<\/div>\t\t\n\t<\/div>\n\n\t\n\t\n\t<script type=\"application\/ld+json\">\n\t{\n\t\t\"@context\": \"http:\/\/schema.org\",\n\t\t\"@type\"   : \"ImageGallery\",\n\t\t\"id\"      : \"http:\/\/myjapo.es\/wp-json\/wp\/v2\/pages\/886\",\n\t\t\"url\"     : \"http:\/\/myjapo.es\/wp-json\/wp\/v2\/pages\/886\"\n\t}\n\n    <\/script>\n\n\t\n<\/div><\/div><div id=\"panel-886-0-0-2\" class=\"so-panel widget widget_media_video panel-last-child\" data-index=\"2\" ><h3 class=\"widget-title\">Menuda pinta!!<\/h3><div style=\"width:100%;\" class=\"wp-video\"><video class=\"wp-video-shortcode\" id=\"video-886-1\" preload=\"metadata\" controls=\"controls\"><source type=\"video\/mp4\" src=\"http:\/\/myjapo.es\/wp-content\/uploads\/2023\/02\/Camara-lenta-poke.mp4?_=1\" \/><source type=\"video\/mp4\" src=\"http:\/\/myjapo.es\/wp-content\/uploads\/2023\/02\/Camara-lenta-poke.mp4?_=1\" \/><a href=\"http:\/\/myjapo.es\/wp-content\/uploads\/2023\/02\/Camara-lenta-poke.mp4\">http:\/\/myjapo.es\/wp-content\/uploads\/2023\/02\/Camara-lenta-poke.mp4<\/a><\/video><\/div><\/div><\/div><\/div><\/div>","protected":false},"excerpt":{"rendered":"<p>Poke\u00b4s Los poke han llegado desde Hawai para quedarse. Esta revoluci\u00f3n gastron\u00f3mica se basa en una combinaci\u00f3n de prote\u00ednas (pescado [&hellip;]<\/p>\n","protected":false},"author":2,"featured_media":0,"parent":0,"menu_order":0,"comment_status":"closed","ping_status":"closed","template":"","meta":{"footnotes":""},"class_list":["post-886","page","type-page","status-publish","hentry"],"_links":{"self":[{"href":"http:\/\/myjapo.es\/index.php\/wp-json\/wp\/v2\/pages\/886","targetHints":{"allow":["GET"]}}],"collection":[{"href":"http:\/\/myjapo.es\/index.php\/wp-json\/wp\/v2\/pages"}],"about":[{"href":"http:\/\/myjapo.es\/index.php\/wp-json\/wp\/v2\/types\/page"}],"author":[{"embeddable":true,"href":"http:\/\/myjapo.es\/index.php\/wp-json\/wp\/v2\/users\/2"}],"replies":[{"embeddable":true,"href":"http:\/\/myjapo.es\/index.php\/wp-json\/wp\/v2\/comments?post=886"}],"version-history":[{"count":11,"href":"http:\/\/myjapo.es\/index.php\/wp-json\/wp\/v2\/pages\/886\/revisions"}],"predecessor-version":[{"id":946,"href":"http:\/\/myjapo.es\/index.php\/wp-json\/wp\/v2\/pages\/886\/revisions\/946"}],"wp:attachment":[{"href":"http:\/\/myjapo.es\/index.php\/wp-json\/wp\/v2\/media?parent=886"}],"curies":[{"name":"wp","href":"https:\/\/api.w.org\/{rel}","templated":true}]}}