{"id":923,"date":"2023-02-20T13:33:22","date_gmt":"2023-02-20T12:33:22","guid":{"rendered":"http:\/\/myjapo.es\/?page_id=923"},"modified":"2023-02-20T13:40:27","modified_gmt":"2023-02-20T12:40:27","slug":"catering","status":"publish","type":"page","link":"http:\/\/myjapo.es\/index.php\/catering\/","title":{"rendered":"Catering"},"content":{"rendered":"<div id=\"pl-923\"  class=\"panel-layout\" ><div id=\"pg-923-0\"  class=\"panel-grid panel-no-style\" ><div id=\"pgc-923-0-0\"  class=\"panel-grid-cell\" ><div id=\"panel-923-0-0-0\" class=\"so-panel widget widget_themegrill_flash_heading tg-widget section-title-wrapper panel-first-child panel-last-child\" data-index=\"0\" >\t<h3 class=\"section-title\">Catering de sushi<\/h3>\n\t<div class=\"section-description\">\u00bfPor que un catering de sushi?<\/div>\n<\/div><\/div><\/div><div id=\"pg-923-1\"  class=\"panel-grid panel-no-style\" ><div id=\"pgc-923-1-0\"  class=\"panel-grid-cell\" ><div id=\"panel-923-1-0-0\" class=\"so-panel widget widget_text panel-first-child panel-last-child\" data-index=\"1\" >\t\t\t<div class=\"textwidget\"><p>En nuestro catering de sushi llevamos a cabo una selecci\u00f3n de Makis, Nigiris, California Rolls y todas nuestras variedades de sushi, lo que nos convierten en la elecci\u00f3n ideal si buscas un\u00a0<strong>catering de sushi profesional e innovador<\/strong>.<\/p>\n<p>Si por otra parte, prefieres otro tipo de comida tradicional japonesa que no sean sushi, disponemos de platos como\u00a0<strong>baos, gyozas, tiraditos de at\u00fan o salm\u00f3n, o nuestro famoso Poke<\/strong>.<\/p>\n<p>El sushi y la comida japonesa es una opci\u00f3n ideal para cualquier tipo de evento.<\/p>\n<p>\u00bfNunca has pensado en una boda, un evento empresarial o incluso el cumplea\u00f1os de tus hijos, acompa\u00f1ado de un toque japon\u00e9s y la mejor gastronom\u00eda de la zona?<\/p>\n<p>Una vez que conozcamos las necesidades de tu evento, elaboraremos un presupuesto adaptado a ti y a tus invitados, los cuales quedar\u00e1n encantados gracias a la calidad de nuestros platos.<\/p>\n<p>Si todav\u00eda tienes dudas, te proponemos venir a probar nuestros platos en cualquiera de nuestros restaurantes<\/p>\n<\/div>\n\t\t<\/div><\/div><\/div><div id=\"pg-923-2\"  class=\"panel-grid panel-no-style\" ><div id=\"pgc-923-2-0\"  class=\"panel-grid-cell\" ><div id=\"panel-923-2-0-0\" class=\"so-panel widget widget_text panel-first-child panel-last-child\" data-index=\"2\" >\t\t\t<div class=\"textwidget\"><p>Piensa en cualquier evento, bodas, comuniones, bautizos, fiestas privadas, reuniones de trabajo\u2026<\/p>\n<p>Una experiencia de sushi inolvidable para tus invitados de manos de My Japo<\/p>\n<p>Nuestra meta es hacer de cualquier ocasi\u00f3n una gran celebraci\u00f3n. Nuestro sushi es el acompa\u00f1amiento ideal para servir con las primeras copas de champ\u00e1n, o bien maridado con GinT\u00f3nic. Hecho con gran delicadeza y dedicaci\u00f3n, con la cocina m\u00e1s artesana que puedas imaginar.<\/p>\n<p>Todos los ingredientes son de primera calidad, a la vez que mimamos al detalle su elaboraci\u00f3n. No se trata s\u00f3lo de una buen\u00edsima apariencia y un sabor fant\u00e1stico, sino que adem\u00e1s es un excelente tema de conversaci\u00f3n para romper el hielo entre los invitados.<\/p>\n<\/div>\n\t\t<\/div><\/div><\/div><div id=\"pg-923-3\"  class=\"panel-grid panel-no-style\" ><div id=\"pgc-923-3-0\"  class=\"panel-grid-cell\" ><div id=\"panel-923-3-0-0\" class=\"so-panel widget widget_themegrill_flash_image tg-widget tg-image-widget panel-first-child panel-last-child\" data-index=\"3\" >\t<img decoding=\"async\" src=\"http:\/\/myjapo.es\/wp-content\/uploads\/2023\/02\/catering-sushi.jpeg\" \/>\n<\/div><\/div><div id=\"pgc-923-3-1\"  class=\"panel-grid-cell\" ><div id=\"panel-923-3-1-0\" class=\"so-panel widget widget_media_image panel-first-child panel-last-child\" data-index=\"4\" ><figure style=\"width: 300px\" class=\"wp-caption alignnone\"><img loading=\"lazy\" decoding=\"async\" width=\"300\" height=\"300\" src=\"http:\/\/myjapo.es\/wp-content\/uploads\/2023\/02\/catering-sushi2-300x300.jpg\" class=\"image wp-image-928  attachment-medium size-medium\" alt=\"\" style=\"max-width: 100%; height: auto;\" srcset=\"http:\/\/myjapo.es\/wp-content\/uploads\/2023\/02\/catering-sushi2-300x300.jpg 300w, http:\/\/myjapo.es\/wp-content\/uploads\/2023\/02\/catering-sushi2-150x150.jpg 150w, http:\/\/myjapo.es\/wp-content\/uploads\/2023\/02\/catering-sushi2.jpg 450w\" sizes=\"auto, (max-width: 300px) 100vw, 300px\" \/><figcaption class=\"wp-caption-text\">Mesa catering<\/figcaption><\/figure><\/div><\/div><\/div><div id=\"pg-923-4\"  class=\"panel-grid panel-no-style\" ><div id=\"pgc-923-4-0\"  class=\"panel-grid-cell\" ><div id=\"panel-923-4-0-0\" class=\"widget_text so-panel widget widget_custom_html panel-first-child panel-last-child\" data-index=\"5\" ><h3 class=\"widget-title\">Pide presupuesto sin compromiso<\/h3><div class=\"textwidget custom-html-widget\"><div class=\"everest-forms\"><div class=\"evf-container default\" id=\"evf-472\"><form id=\"evf-form-472\" class=\"everest-form\" data-formid=\"472\" data-ajax_submission=\"0\" data-keyboard_friendly_form=\"0\" method=\"post\" enctype=\"multipart\/form-data\" action=\"\/index.php\/wp-json\/wp\/v2\/pages\/923\"><div class=\"evf-field-container\"><input type=\"hidden\" id=\"_wpnonce472\" name=\"_wpnonce472\" value=\"126c913bf7\" \/><input type=\"hidden\" name=\"_wp_http_referer\" value=\"\/index.php\/wp-json\/wp\/v2\/pages\/923\" \/><div class=\"evf-frontend-row\" data-row=\"row_1\" conditional_rules=\"[]\"><div class=\"evf-frontend-grid evf-grid-1\" data-grid=\"grid_1\"><div id=\"evf-472-field_lVizlNhYus-1-container\" class=\"evf-field evf-field-text form-row validate-required\" data-required-field-message=\"This field is required.\" data-field-id=\"lVizlNhYus-1\"><label class=\"evf-field-label\" for=\"evf-472-field_lVizlNhYus-1\"><span class=\"evf-label\">Nombre<\/span> <abbr class=\"required\" title=\"Obligatorio\">*<\/abbr><\/label><input type=\"text\" id=\"evf-472-field_lVizlNhYus-1\" class=\"input-text\" name=\"everest_forms[form_fields][lVizlNhYus-1]\" required><\/div><div id=\"evf-472-field_XYnMdkQDKM-3-container\" class=\"evf-field evf-field-email form-row validate-required validate-email\" data-required-field-message=\"Please enter a valid email address.\" data-field-id=\"XYnMdkQDKM-3\"><label class=\"evf-field-label\" for=\"evf-472-field_XYnMdkQDKM-3\"><span class=\"evf-label\">Email<\/span> <abbr class=\"required\" title=\"Obligatorio\">*<\/abbr><\/label><input type=\"email\" id=\"evf-472-field_XYnMdkQDKM-3\" class=\"input-text\" name=\"everest_forms[form_fields][XYnMdkQDKM-3]\" required ><\/div><div id=\"evf-472-field_xJivsqAS2c-2-container\" class=\"evf-field evf-field-text form-row validate-required\" data-required-field-message=\"This field is required.\" data-field-id=\"xJivsqAS2c-2\"><label class=\"evf-field-label\" for=\"evf-472-field_xJivsqAS2c-2\"><span class=\"evf-label\">Subject<\/span> <abbr class=\"required\" title=\"Obligatorio\">*<\/abbr><\/label><input type=\"text\" id=\"evf-472-field_xJivsqAS2c-2\" class=\"input-text\" name=\"everest_forms[form_fields][xJivsqAS2c-2]\" required><\/div><div id=\"evf-472-field_YalaPcQ0DO-4-container\" class=\"evf-field evf-field-textarea form-row\" data-field-id=\"YalaPcQ0DO-4\"><label class=\"evf-field-label\" for=\"evf-472-field_YalaPcQ0DO-4\"><span class=\"evf-label\">Mensaje<\/span> <\/label><textarea id=\"evf-472-field_YalaPcQ0DO-4\" class=\"input-text\" name=\"everest_forms[form_fields][YalaPcQ0DO-4]\"  ><\/textarea><\/div><\/div><\/div><\/div><div class=\"evf-honeypot-container evf-field-hp\"><label for=\"evf-472-field-hp\" class=\"evf-field-label\">Email<\/label><input type=\"text\" name=\"everest_forms[hp]\" id=\"evf-472-field-hp\" class=\"input-text\"><\/div><div class=\"evf-submit-container \" ><input type=\"hidden\" name=\"everest_forms[id]\" value=\"472\"><input type=\"hidden\" name=\"everest_forms[author]\" value=\"2\"><button type='submit' name='everest_forms[submit]' class='everest-forms-submit-button button evf-submit ' id='evf-submit-472' value='evf-submit' data-process-text=\"Processing\u2026\" conditional_rules='&quot;&quot;' conditional_id='evf-submit-472'  id=\"evf-submit-472\" aria-live=\"assertive\">Submit<\/button><\/div><\/form><\/div><!-- .evf-container --><\/div><\/div><\/div><\/div><\/div><\/div>","protected":false},"excerpt":{"rendered":"<p>En nuestro catering de sushi llevamos a cabo una selecci\u00f3n de Makis, Nigiris, California Rolls y todas nuestras variedades de [&hellip;]<\/p>\n","protected":false},"author":2,"featured_media":0,"parent":0,"menu_order":0,"comment_status":"closed","ping_status":"closed","template":"","meta":{"footnotes":""},"class_list":["post-923","page","type-page","status-publish","hentry"],"_links":{"self":[{"href":"http:\/\/myjapo.es\/index.php\/wp-json\/wp\/v2\/pages\/923","targetHints":{"allow":["GET"]}}],"collection":[{"href":"http:\/\/myjapo.es\/index.php\/wp-json\/wp\/v2\/pages"}],"about":[{"href":"http:\/\/myjapo.es\/index.php\/wp-json\/wp\/v2\/types\/page"}],"author":[{"embeddable":true,"href":"http:\/\/myjapo.es\/index.php\/wp-json\/wp\/v2\/users\/2"}],"replies":[{"embeddable":true,"href":"http:\/\/myjapo.es\/index.php\/wp-json\/wp\/v2\/comments?post=923"}],"version-history":[{"count":7,"href":"http:\/\/myjapo.es\/index.php\/wp-json\/wp\/v2\/pages\/923\/revisions"}],"predecessor-version":[{"id":934,"href":"http:\/\/myjapo.es\/index.php\/wp-json\/wp\/v2\/pages\/923\/revisions\/934"}],"wp:attachment":[{"href":"http:\/\/myjapo.es\/index.php\/wp-json\/wp\/v2\/media?parent=923"}],"curies":[{"name":"wp","href":"https:\/\/api.w.org\/{rel}","templated":true}]}}